{"id":1576,"date":"2018-09-14T11:30:33","date_gmt":"2018-09-14T09:30:33","guid":{"rendered":"https:\/\/www.tennisanlage-starnberg.de\/?page_id=1576"},"modified":"2025-11-17T19:21:03","modified_gmt":"2025-11-17T18:21:03","slug":"galerie","status":"publish","type":"page","link":"https:\/\/www.tennisanlage-starnberg.de\/?page_id=1576","title":{"rendered":"Galerie"},"content":{"rendered":"\t\t<div data-elementor-type=\"wp-post\" data-elementor-id=\"1576\" class=\"elementor elementor-1576\">\n\t\t\t\t\t\t<section class=\"elementor-section elementor-top-section elementor-element elementor-element-7db3656 elementor-section-boxed elementor-section-height-default elementor-section-height-default\" data-id=\"7db3656\" data-element_type=\"section\" data-e-type=\"section\">\n\t\t\t\t\t\t<div class=\"elementor-container elementor-column-gap-default\">\n\t\t\t\t\t<div class=\"elementor-column elementor-col-100 elementor-top-column elementor-element elementor-element-847f3b6\" data-id=\"847f3b6\" data-element_type=\"column\" data-e-type=\"column\">\n\t\t\t<div class=\"elementor-widget-wrap elementor-element-populated\">\n\t\t\t\t\t\t<div class=\"elementor-element elementor-element-6e5ce74 elementor-widget elementor-widget-image-gallery\" data-id=\"6e5ce74\" data-element_type=\"widget\" data-e-type=\"widget\" data-widget_type=\"image-gallery.default\">\n\t\t\t\t<div class=\"elementor-widget-container\">\n\t\t\t\t\t\t\t<div class=\"elementor-image-gallery\">\n\t\t\t<div id='gallery-1' class='gallery galleryid-1576 gallery-columns-4 gallery-size-thumbnail'><figure class='gallery-item'>\n\t\t\t<div class='gallery-icon landscape'>\n\t\t\t\t<a data-elementor-open-lightbox=\"yes\" data-elementor-lightbox-slideshow=\"6e5ce74\" data-elementor-lightbox-title=\"Tennishalle Starnberg Wegweiser\" data-e-action-hash=\"#elementor-action%3Aaction%3Dlightbox%26settings%3DeyJpZCI6MTU3NCwidXJsIjoiaHR0cHM6XC9cL3d3dy50ZW5uaXNhbmxhZ2Utc3Rhcm5iZXJnLmRlXC93cC1jb250ZW50XC91cGxvYWRzXC8yMDE4XC8wOVwvVGVubmlzaGFsbGUtU3Rhcm5iZXJnLVdlZ3dlaXNlci5qcGciLCJzbGlkZXNob3ciOiI2ZTVjZTc0In0%3D\" href='https:\/\/www.tennisanlage-starnberg.de\/wp-content\/uploads\/2018\/09\/Tennishalle-Starnberg-Wegweiser.jpg'><img decoding=\"async\" width=\"150\" height=\"150\" src=\"https:\/\/www.tennisanlage-starnberg.de\/wp-content\/uploads\/2018\/09\/Tennishalle-Starnberg-Wegweiser-150x150.jpg\" class=\"attachment-thumbnail size-thumbnail\" alt=\"\" aria-describedby=\"gallery-1-1574\" \/><\/a>\n\t\t\t<\/div>\n\t\t\t\t<figcaption class='wp-caption-text gallery-caption' id='gallery-1-1574'>\n\t\t\t\tWegweiser\n\t\t\t\t<\/figcaption><\/figure><figure class='gallery-item'>\n\t\t\t<div class='gallery-icon landscape'>\n\t\t\t\t<a data-elementor-open-lightbox=\"yes\" data-elementor-lightbox-slideshow=\"6e5ce74\" data-elementor-lightbox-title=\"Garderobe\" data-e-action-hash=\"#elementor-action%3Aaction%3Dlightbox%26settings%3DeyJpZCI6MjE4MiwidXJsIjoiaHR0cHM6XC9cL3d3dy50ZW5uaXNhbmxhZ2Utc3Rhcm5iZXJnLmRlXC93cC1jb250ZW50XC91cGxvYWRzXC8yMDIwXC8xMVwvR2FyZGVyb2JlLmpwZyIsInNsaWRlc2hvdyI6IjZlNWNlNzQifQ%3D%3D\" href='https:\/\/www.tennisanlage-starnberg.de\/wp-content\/uploads\/2020\/11\/Garderobe.jpg'><img decoding=\"async\" width=\"150\" height=\"150\" src=\"https:\/\/www.tennisanlage-starnberg.de\/wp-content\/uploads\/2020\/11\/Garderobe-150x150.jpg\" class=\"attachment-thumbnail size-thumbnail\" alt=\"\" aria-describedby=\"gallery-1-2182\" \/><\/a>\n\t\t\t<\/div>\n\t\t\t\t<figcaption class='wp-caption-text gallery-caption' id='gallery-1-2182'>\n\t\t\t\tGarderobe\n\t\t\t\t<\/figcaption><\/figure><figure class='gallery-item'>\n\t\t\t<div class='gallery-icon landscape'>\n\t\t\t\t<a data-elementor-open-lightbox=\"yes\" data-elementor-lightbox-slideshow=\"6e5ce74\" data-elementor-lightbox-title=\"Sanit\u00e4rbereich\" data-e-action-hash=\"#elementor-action%3Aaction%3Dlightbox%26settings%3DeyJpZCI6MTYwOCwidXJsIjoiaHR0cHM6XC9cL3d3dy50ZW5uaXNhbmxhZ2Utc3Rhcm5iZXJnLmRlXC93cC1jb250ZW50XC91cGxvYWRzXC8yMDE4XC8wOVwvVG9pbGV0dGVfV2FzY2hiZWNrZW4uanBnIiwic2xpZGVzaG93IjoiNmU1Y2U3NCJ9\" href='https:\/\/www.tennisanlage-starnberg.de\/wp-content\/uploads\/2018\/09\/Toilette_Waschbecken.jpg'><img decoding=\"async\" width=\"150\" height=\"150\" src=\"https:\/\/www.tennisanlage-starnberg.de\/wp-content\/uploads\/2018\/09\/Toilette_Waschbecken-150x150.jpg\" class=\"attachment-thumbnail size-thumbnail\" alt=\"\" aria-describedby=\"gallery-1-1608\" \/><\/a>\n\t\t\t<\/div>\n\t\t\t\t<figcaption class='wp-caption-text gallery-caption' id='gallery-1-1608'>\n\t\t\t\tSanit\u00e4rbereich\n\t\t\t\t<\/figcaption><\/figure><figure class='gallery-item'>\n\t\t\t<div class='gallery-icon portrait'>\n\t\t\t\t<a data-elementor-open-lightbox=\"yes\" data-elementor-lightbox-slideshow=\"6e5ce74\" data-elementor-lightbox-title=\"Eingang\" data-e-action-hash=\"#elementor-action%3Aaction%3Dlightbox%26settings%3DeyJpZCI6MTc3OSwidXJsIjoiaHR0cHM6XC9cL3d3dy50ZW5uaXNhbmxhZ2Utc3Rhcm5iZXJnLmRlXC93cC1jb250ZW50XC91cGxvYWRzXC8yMDIwXC8wNFwvRWluZ2FuZy5qcGciLCJzbGlkZXNob3ciOiI2ZTVjZTc0In0%3D\" href='https:\/\/www.tennisanlage-starnberg.de\/wp-content\/uploads\/2020\/04\/Eingang.jpg'><img loading=\"lazy\" decoding=\"async\" width=\"150\" height=\"150\" src=\"https:\/\/www.tennisanlage-starnberg.de\/wp-content\/uploads\/2020\/04\/Eingang-150x150.jpg\" class=\"attachment-thumbnail size-thumbnail\" alt=\"\" aria-describedby=\"gallery-1-1779\" \/><\/a>\n\t\t\t<\/div>\n\t\t\t\t<figcaption class='wp-caption-text gallery-caption' id='gallery-1-1779'>\n\t\t\t\tEingang\n\t\t\t\t<\/figcaption><\/figure><figure class='gallery-item'>\n\t\t\t<div class='gallery-icon landscape'>\n\t\t\t\t<a data-elementor-open-lightbox=\"yes\" data-elementor-lightbox-slideshow=\"6e5ce74\" data-elementor-lightbox-title=\"Padel-Tennis midsize croos view\" data-e-action-hash=\"#elementor-action%3Aaction%3Dlightbox%26settings%3DeyJpZCI6MTkyMywidXJsIjoiaHR0cHM6XC9cL3d3dy50ZW5uaXNhbmxhZ2Utc3Rhcm5iZXJnLmRlXC93cC1jb250ZW50XC91cGxvYWRzXC8yMDIwXC8wN1wvUGFkZWwtVGVubmlzLW1pZHNpemUtY3Jvb3Mtdmlldy5qcGciLCJzbGlkZXNob3ciOiI2ZTVjZTc0In0%3D\" href='https:\/\/www.tennisanlage-starnberg.de\/wp-content\/uploads\/2020\/07\/Padel-Tennis-midsize-croos-view.jpg'><img loading=\"lazy\" decoding=\"async\" width=\"150\" height=\"150\" src=\"https:\/\/www.tennisanlage-starnberg.de\/wp-content\/uploads\/2020\/07\/Padel-Tennis-midsize-croos-view-150x150.jpg\" class=\"attachment-thumbnail size-thumbnail\" alt=\"\" aria-describedby=\"gallery-1-1923\" \/><\/a>\n\t\t\t<\/div>\n\t\t\t\t<figcaption class='wp-caption-text gallery-caption' id='gallery-1-1923'>\n\t\t\t\tPadel\n\t\t\t\t<\/figcaption><\/figure><figure class='gallery-item'>\n\t\t\t<div class='gallery-icon landscape'>\n\t\t\t\t<a data-elementor-open-lightbox=\"yes\" data-elementor-lightbox-slideshow=\"6e5ce74\" data-elementor-lightbox-title=\"Padel-Midsize crosscourt_bea\" data-e-action-hash=\"#elementor-action%3Aaction%3Dlightbox%26settings%3DeyJpZCI6MTkyMiwidXJsIjoiaHR0cHM6XC9cL3d3dy50ZW5uaXNhbmxhZ2Utc3Rhcm5iZXJnLmRlXC93cC1jb250ZW50XC91cGxvYWRzXC8yMDIwXC8wN1wvUGFkZWwtTWlkc2l6ZS1jcm9zc2NvdXJ0X2JlYS5qcGciLCJzbGlkZXNob3ciOiI2ZTVjZTc0In0%3D\" href='https:\/\/www.tennisanlage-starnberg.de\/wp-content\/uploads\/2020\/07\/Padel-Midsize-crosscourt_bea.jpg'><img loading=\"lazy\" decoding=\"async\" width=\"150\" height=\"150\" src=\"https:\/\/www.tennisanlage-starnberg.de\/wp-content\/uploads\/2020\/07\/Padel-Midsize-crosscourt_bea-150x150.jpg\" class=\"attachment-thumbnail size-thumbnail\" alt=\"\" aria-describedby=\"gallery-1-1922\" \/><\/a>\n\t\t\t<\/div>\n\t\t\t\t<figcaption class='wp-caption-text gallery-caption' id='gallery-1-1922'>\n\t\t\t\tPadel\n\t\t\t\t<\/figcaption><\/figure><figure class='gallery-item'>\n\t\t\t<div class='gallery-icon landscape'>\n\t\t\t\t<a data-elementor-open-lightbox=\"yes\" data-elementor-lightbox-slideshow=\"6e5ce74\" data-elementor-lightbox-title=\"Padel Background\" data-e-action-hash=\"#elementor-action%3Aaction%3Dlightbox%26settings%3DeyJpZCI6MTkyMSwidXJsIjoiaHR0cHM6XC9cL3d3dy50ZW5uaXNhbmxhZ2Utc3Rhcm5iZXJnLmRlXC93cC1jb250ZW50XC91cGxvYWRzXC8yMDIwXC8wN1wvUGFkZWwtQmFja2dyb3VuZC5qcGciLCJzbGlkZXNob3ciOiI2ZTVjZTc0In0%3D\" href='https:\/\/www.tennisanlage-starnberg.de\/wp-content\/uploads\/2020\/07\/Padel-Background.jpg'><img loading=\"lazy\" decoding=\"async\" width=\"150\" height=\"150\" src=\"https:\/\/www.tennisanlage-starnberg.de\/wp-content\/uploads\/2020\/07\/Padel-Background-150x150.jpg\" class=\"attachment-thumbnail size-thumbnail\" alt=\"\" aria-describedby=\"gallery-1-1921\" \/><\/a>\n\t\t\t<\/div>\n\t\t\t\t<figcaption class='wp-caption-text gallery-caption' id='gallery-1-1921'>\n\t\t\t\tAu\u00dfenanlage\n\t\t\t\t<\/figcaption><\/figure><figure class='gallery-item'>\n\t\t\t<div class='gallery-icon landscape'>\n\t\t\t\t<a data-elementor-open-lightbox=\"yes\" data-elementor-lightbox-slideshow=\"6e5ce74\" data-elementor-lightbox-title=\"Padel 2\" data-e-action-hash=\"#elementor-action%3Aaction%3Dlightbox%26settings%3DeyJpZCI6MTkyMCwidXJsIjoiaHR0cHM6XC9cL3d3dy50ZW5uaXNhbmxhZ2Utc3Rhcm5iZXJnLmRlXC93cC1jb250ZW50XC91cGxvYWRzXC8yMDIwXC8wN1wvUGFkZWwtMi5qcGciLCJzbGlkZXNob3ciOiI2ZTVjZTc0In0%3D\" href='https:\/\/www.tennisanlage-starnberg.de\/wp-content\/uploads\/2020\/07\/Padel-2.jpg'><img loading=\"lazy\" decoding=\"async\" width=\"150\" height=\"150\" src=\"https:\/\/www.tennisanlage-starnberg.de\/wp-content\/uploads\/2020\/07\/Padel-2-150x150.jpg\" class=\"attachment-thumbnail size-thumbnail\" alt=\"\" aria-describedby=\"gallery-1-1920\" \/><\/a>\n\t\t\t<\/div>\n\t\t\t\t<figcaption class='wp-caption-text gallery-caption' id='gallery-1-1920'>\n\t\t\t\tPadel\n\t\t\t\t<\/figcaption><\/figure><figure class='gallery-item'>\n\t\t\t<div class='gallery-icon landscape'>\n\t\t\t\t<a data-elementor-open-lightbox=\"yes\" data-elementor-lightbox-slideshow=\"6e5ce74\" data-elementor-lightbox-title=\"Padelplaetze1\" data-e-action-hash=\"#elementor-action%3Aaction%3Dlightbox%26settings%3DeyJpZCI6MjE4OCwidXJsIjoiaHR0cHM6XC9cL3d3dy50ZW5uaXNhbmxhZ2Utc3Rhcm5iZXJnLmRlXC93cC1jb250ZW50XC91cGxvYWRzXC8yMDIwXC8xMVwvUGFkZWxwbGFldHplMS5qcGciLCJzbGlkZXNob3ciOiI2ZTVjZTc0In0%3D\" href='https:\/\/www.tennisanlage-starnberg.de\/wp-content\/uploads\/2020\/11\/Padelplaetze1.jpg'><img loading=\"lazy\" decoding=\"async\" width=\"150\" height=\"150\" src=\"https:\/\/www.tennisanlage-starnberg.de\/wp-content\/uploads\/2020\/11\/Padelplaetze1-150x150.jpg\" class=\"attachment-thumbnail size-thumbnail\" alt=\"\" aria-describedby=\"gallery-1-2188\" \/><\/a>\n\t\t\t<\/div>\n\t\t\t\t<figcaption class='wp-caption-text gallery-caption' id='gallery-1-2188'>\n\t\t\t\tPadelplatz 1\n\t\t\t\t<\/figcaption><\/figure><figure class='gallery-item'>\n\t\t\t<div class='gallery-icon landscape'>\n\t\t\t\t<a data-elementor-open-lightbox=\"yes\" data-elementor-lightbox-slideshow=\"6e5ce74\" data-elementor-lightbox-title=\"Padelplaetze2\" data-e-action-hash=\"#elementor-action%3Aaction%3Dlightbox%26settings%3DeyJpZCI6MjE4OSwidXJsIjoiaHR0cHM6XC9cL3d3dy50ZW5uaXNhbmxhZ2Utc3Rhcm5iZXJnLmRlXC93cC1jb250ZW50XC91cGxvYWRzXC8yMDIwXC8xMVwvUGFkZWxwbGFldHplMi5qcGciLCJzbGlkZXNob3ciOiI2ZTVjZTc0In0%3D\" href='https:\/\/www.tennisanlage-starnberg.de\/wp-content\/uploads\/2020\/11\/Padelplaetze2.jpg'><img loading=\"lazy\" decoding=\"async\" width=\"150\" height=\"150\" src=\"https:\/\/www.tennisanlage-starnberg.de\/wp-content\/uploads\/2020\/11\/Padelplaetze2-150x150.jpg\" class=\"attachment-thumbnail size-thumbnail\" alt=\"\" aria-describedby=\"gallery-1-2189\" \/><\/a>\n\t\t\t<\/div>\n\t\t\t\t<figcaption class='wp-caption-text gallery-caption' id='gallery-1-2189'>\n\t\t\t\tPadelplatz 2\n\t\t\t\t<\/figcaption><\/figure><figure class='gallery-item'>\n\t\t\t<div class='gallery-icon portrait'>\n\t\t\t\t<a data-elementor-open-lightbox=\"yes\" data-elementor-lightbox-slideshow=\"6e5ce74\" data-elementor-lightbox-title=\"Padelplaetze3\" data-e-action-hash=\"#elementor-action%3Aaction%3Dlightbox%26settings%3DeyJpZCI6MjE3OSwidXJsIjoiaHR0cHM6XC9cL3d3dy50ZW5uaXNhbmxhZ2Utc3Rhcm5iZXJnLmRlXC93cC1jb250ZW50XC91cGxvYWRzXC8yMDIwXC8xMVwvUGFkZWxwbGFldHplMy5qcGciLCJzbGlkZXNob3ciOiI2ZTVjZTc0In0%3D\" href='https:\/\/www.tennisanlage-starnberg.de\/wp-content\/uploads\/2020\/11\/Padelplaetze3.jpg'><img loading=\"lazy\" decoding=\"async\" width=\"150\" height=\"150\" src=\"https:\/\/www.tennisanlage-starnberg.de\/wp-content\/uploads\/2020\/11\/Padelplaetze3-150x150.jpg\" class=\"attachment-thumbnail size-thumbnail\" alt=\"\" aria-describedby=\"gallery-1-2179\" \/><\/a>\n\t\t\t<\/div>\n\t\t\t\t<figcaption class='wp-caption-text gallery-caption' id='gallery-1-2179'>\n\t\t\t\tPadelplatz 3\n\t\t\t\t<\/figcaption><\/figure><figure class='gallery-item'>\n\t\t\t<div class='gallery-icon landscape'>\n\t\t\t\t<a data-elementor-open-lightbox=\"yes\" data-elementor-lightbox-slideshow=\"6e5ce74\" data-elementor-lightbox-title=\"Terrasse\" data-e-action-hash=\"#elementor-action%3Aaction%3Dlightbox%26settings%3DeyJpZCI6MjE4MCwidXJsIjoiaHR0cHM6XC9cL3d3dy50ZW5uaXNhbmxhZ2Utc3Rhcm5iZXJnLmRlXC93cC1jb250ZW50XC91cGxvYWRzXC8yMDIwXC8xMVwvVGVycmFzc2UuanBnIiwic2xpZGVzaG93IjoiNmU1Y2U3NCJ9\" href='https:\/\/www.tennisanlage-starnberg.de\/wp-content\/uploads\/2020\/11\/Terrasse.jpg'><img loading=\"lazy\" decoding=\"async\" width=\"150\" height=\"150\" src=\"https:\/\/www.tennisanlage-starnberg.de\/wp-content\/uploads\/2020\/11\/Terrasse-150x150.jpg\" class=\"attachment-thumbnail size-thumbnail\" alt=\"\" aria-describedby=\"gallery-1-2180\" \/><\/a>\n\t\t\t<\/div>\n\t\t\t\t<figcaption class='wp-caption-text gallery-caption' id='gallery-1-2180'>\n\t\t\t\tTerrasse\n\t\t\t\t<\/figcaption><\/figure><figure class='gallery-item'>\n\t\t\t<div class='gallery-icon landscape'>\n\t\t\t\t<a data-elementor-open-lightbox=\"yes\" data-elementor-lightbox-slideshow=\"6e5ce74\" data-elementor-lightbox-title=\"Halle_1-3\" data-e-action-hash=\"#elementor-action%3Aaction%3Dlightbox%26settings%3DeyJpZCI6MjE4MywidXJsIjoiaHR0cHM6XC9cL3d3dy50ZW5uaXNhbmxhZ2Utc3Rhcm5iZXJnLmRlXC93cC1jb250ZW50XC91cGxvYWRzXC8yMDIwXC8xMVwvSGFsbGVfMS0zLmpwZyIsInNsaWRlc2hvdyI6IjZlNWNlNzQifQ%3D%3D\" href='https:\/\/www.tennisanlage-starnberg.de\/wp-content\/uploads\/2020\/11\/Halle_1-3.jpg'><img loading=\"lazy\" decoding=\"async\" width=\"150\" height=\"150\" src=\"https:\/\/www.tennisanlage-starnberg.de\/wp-content\/uploads\/2020\/11\/Halle_1-3-150x150.jpg\" class=\"attachment-thumbnail size-thumbnail\" alt=\"\" aria-describedby=\"gallery-1-2183\" \/><\/a>\n\t\t\t<\/div>\n\t\t\t\t<figcaption class='wp-caption-text gallery-caption' id='gallery-1-2183'>\n\t\t\t\tHallenpl\u00e4tze 1-3\n\t\t\t\t<\/figcaption><\/figure><figure class='gallery-item'>\n\t\t\t<div class='gallery-icon landscape'>\n\t\t\t\t<a data-elementor-open-lightbox=\"yes\" data-elementor-lightbox-slideshow=\"6e5ce74\" data-elementor-lightbox-title=\"Halle_2-3\" data-e-action-hash=\"#elementor-action%3Aaction%3Dlightbox%26settings%3DeyJpZCI6MjE4NCwidXJsIjoiaHR0cHM6XC9cL3d3dy50ZW5uaXNhbmxhZ2Utc3Rhcm5iZXJnLmRlXC93cC1jb250ZW50XC91cGxvYWRzXC8yMDIwXC8xMVwvSGFsbGVfMi0zLmpwZyIsInNsaWRlc2hvdyI6IjZlNWNlNzQifQ%3D%3D\" href='https:\/\/www.tennisanlage-starnberg.de\/wp-content\/uploads\/2020\/11\/Halle_2-3.jpg'><img loading=\"lazy\" decoding=\"async\" width=\"150\" height=\"150\" src=\"https:\/\/www.tennisanlage-starnberg.de\/wp-content\/uploads\/2020\/11\/Halle_2-3-150x150.jpg\" class=\"attachment-thumbnail size-thumbnail\" alt=\"\" aria-describedby=\"gallery-1-2184\" \/><\/a>\n\t\t\t<\/div>\n\t\t\t\t<figcaption class='wp-caption-text gallery-caption' id='gallery-1-2184'>\n\t\t\t\tHallenpl\u00e4tze 2-3\n\t\t\t\t<\/figcaption><\/figure><figure class='gallery-item'>\n\t\t\t<div class='gallery-icon landscape'>\n\t\t\t\t<a data-elementor-open-lightbox=\"yes\" data-elementor-lightbox-slideshow=\"6e5ce74\" data-elementor-lightbox-title=\"Halle_4-6\" data-e-action-hash=\"#elementor-action%3Aaction%3Dlightbox%26settings%3DeyJpZCI6MjE4NSwidXJsIjoiaHR0cHM6XC9cL3d3dy50ZW5uaXNhbmxhZ2Utc3Rhcm5iZXJnLmRlXC93cC1jb250ZW50XC91cGxvYWRzXC8yMDIwXC8xMVwvSGFsbGVfNC02LmpwZyIsInNsaWRlc2hvdyI6IjZlNWNlNzQifQ%3D%3D\" href='https:\/\/www.tennisanlage-starnberg.de\/wp-content\/uploads\/2020\/11\/Halle_4-6.jpg'><img loading=\"lazy\" decoding=\"async\" width=\"150\" height=\"150\" src=\"https:\/\/www.tennisanlage-starnberg.de\/wp-content\/uploads\/2020\/11\/Halle_4-6-150x150.jpg\" class=\"attachment-thumbnail size-thumbnail\" alt=\"\" aria-describedby=\"gallery-1-2185\" \/><\/a>\n\t\t\t<\/div>\n\t\t\t\t<figcaption class='wp-caption-text gallery-caption' id='gallery-1-2185'>\n\t\t\t\tHallenpl\u00e4tze 4-6\n\t\t\t\t<\/figcaption><\/figure><figure class='gallery-item'>\n\t\t\t<div class='gallery-icon landscape'>\n\t\t\t\t<a data-elementor-open-lightbox=\"yes\" data-elementor-lightbox-slideshow=\"6e5ce74\" data-elementor-lightbox-title=\"Sandplatz_1_2\" data-e-action-hash=\"#elementor-action%3Aaction%3Dlightbox%26settings%3DeyJpZCI6MjE5MCwidXJsIjoiaHR0cHM6XC9cL3d3dy50ZW5uaXNhbmxhZ2Utc3Rhcm5iZXJnLmRlXC93cC1jb250ZW50XC91cGxvYWRzXC8yMDIwXC8xMVwvU2FuZHBsYXR6XzFfMi5qcGciLCJzbGlkZXNob3ciOiI2ZTVjZTc0In0%3D\" href='https:\/\/www.tennisanlage-starnberg.de\/wp-content\/uploads\/2020\/11\/Sandplatz_1_2.jpg'><img loading=\"lazy\" decoding=\"async\" width=\"150\" height=\"150\" src=\"https:\/\/www.tennisanlage-starnberg.de\/wp-content\/uploads\/2020\/11\/Sandplatz_1_2-150x150.jpg\" class=\"attachment-thumbnail size-thumbnail\" alt=\"\" aria-describedby=\"gallery-1-2190\" \/><\/a>\n\t\t\t<\/div>\n\t\t\t\t<figcaption class='wp-caption-text gallery-caption' id='gallery-1-2190'>\n\t\t\t\tSandpl\u00e4tze 1-3\n\t\t\t\t<\/figcaption><\/figure><figure class='gallery-item'>\n\t\t\t<div class='gallery-icon landscape'>\n\t\t\t\t<a data-elementor-open-lightbox=\"yes\" data-elementor-lightbox-slideshow=\"6e5ce74\" data-elementor-lightbox-title=\"Sandplatz_3 _4\" data-e-action-hash=\"#elementor-action%3Aaction%3Dlightbox%26settings%3DeyJpZCI6MjE5MSwidXJsIjoiaHR0cHM6XC9cL3d3dy50ZW5uaXNhbmxhZ2Utc3Rhcm5iZXJnLmRlXC93cC1jb250ZW50XC91cGxvYWRzXC8yMDIwXC8xMVwvU2FuZHBsYXR6XzMtXzQuanBnIiwic2xpZGVzaG93IjoiNmU1Y2U3NCJ9\" href='https:\/\/www.tennisanlage-starnberg.de\/wp-content\/uploads\/2020\/11\/Sandplatz_3-_4.jpg'><img loading=\"lazy\" decoding=\"async\" width=\"150\" height=\"150\" src=\"https:\/\/www.tennisanlage-starnberg.de\/wp-content\/uploads\/2020\/11\/Sandplatz_3-_4-150x150.jpg\" class=\"attachment-thumbnail size-thumbnail\" alt=\"\" aria-describedby=\"gallery-1-2191\" \/><\/a>\n\t\t\t<\/div>\n\t\t\t\t<figcaption class='wp-caption-text gallery-caption' id='gallery-1-2191'>\n\t\t\t\tSandpl\u00e4tze 3-4\n\t\t\t\t<\/figcaption><\/figure><figure class='gallery-item'>\n\t\t\t<div class='gallery-icon landscape'>\n\t\t\t\t<a data-elementor-open-lightbox=\"yes\" data-elementor-lightbox-slideshow=\"6e5ce74\" data-elementor-lightbox-title=\"Sandplatz_5\" data-e-action-hash=\"#elementor-action%3Aaction%3Dlightbox%26settings%3DeyJpZCI6MjE5MiwidXJsIjoiaHR0cHM6XC9cL3d3dy50ZW5uaXNhbmxhZ2Utc3Rhcm5iZXJnLmRlXC93cC1jb250ZW50XC91cGxvYWRzXC8yMDIwXC8xMVwvU2FuZHBsYXR6XzUuanBnIiwic2xpZGVzaG93IjoiNmU1Y2U3NCJ9\" href='https:\/\/www.tennisanlage-starnberg.de\/wp-content\/uploads\/2020\/11\/Sandplatz_5.jpg'><img loading=\"lazy\" decoding=\"async\" width=\"150\" height=\"150\" src=\"https:\/\/www.tennisanlage-starnberg.de\/wp-content\/uploads\/2020\/11\/Sandplatz_5-150x150.jpg\" class=\"attachment-thumbnail size-thumbnail\" alt=\"\" aria-describedby=\"gallery-1-2192\" \/><\/a>\n\t\t\t<\/div>\n\t\t\t\t<figcaption class='wp-caption-text gallery-caption' id='gallery-1-2192'>\n\t\t\t\tSandplatz 5\n\t\t\t\t<\/figcaption><\/figure>\n\t\t<\/div>\n\t\t<\/div>\n\t\t\t\t\t\t<\/div>\n\t\t\t\t<\/div>\n\t\t\t\t\t<\/div>\n\t\t<\/div>\n\t\t\t\t\t<\/div>\n\t\t<\/section>\n\t\t\t\t<\/div>\n\t\t","protected":false},"excerpt":{"rendered":"<p>Wegweiser Garderobe Sanit\u00e4rbereich Eingang Padel Padel Au\u00dfenanlage Padel Padelplatz 1 Padelplatz 2 Padelplatz 3 Terrasse Hallenpl\u00e4tze 1-3 Hallenpl\u00e4tze 2-3 Hallenpl\u00e4tze 4-6 Sandpl\u00e4tze 1-3 Sandpl\u00e4tze 3-4 Sandplatz 5<\/p>\n","protected":false},"author":1,"featured_media":0,"parent":0,"menu_order":0,"comment_status":"closed","ping_status":"closed","template":"","meta":{"cybocfi_hide_featured_image":"","footnotes":""},"class_list":["post-1576","page","type-page","status-publish","hentry"],"_links":{"self":[{"href":"https:\/\/www.tennisanlage-starnberg.de\/index.php?rest_route=\/wp\/v2\/pages\/1576","targetHints":{"allow":["GET"]}}],"collection":[{"href":"https:\/\/www.tennisanlage-starnberg.de\/index.php?rest_route=\/wp\/v2\/pages"}],"about":[{"href":"https:\/\/www.tennisanlage-starnberg.de\/index.php?rest_route=\/wp\/v2\/types\/page"}],"author":[{"embeddable":true,"href":"https:\/\/www.tennisanlage-starnberg.de\/index.php?rest_route=\/wp\/v2\/users\/1"}],"replies":[{"embeddable":true,"href":"https:\/\/www.tennisanlage-starnberg.de\/index.php?rest_route=%2Fwp%2Fv2%2Fcomments&post=1576"}],"version-history":[{"count":27,"href":"https:\/\/www.tennisanlage-starnberg.de\/index.php?rest_route=\/wp\/v2\/pages\/1576\/revisions"}],"predecessor-version":[{"id":4495,"href":"https:\/\/www.tennisanlage-starnberg.de\/index.php?rest_route=\/wp\/v2\/pages\/1576\/revisions\/4495"}],"wp:attachment":[{"href":"https:\/\/www.tennisanlage-starnberg.de\/index.php?rest_route=%2Fwp%2Fv2%2Fmedia&parent=1576"}],"curies":[{"name":"wp","href":"https:\/\/api.w.org\/{rel}","templated":true}]}}