{"id":1963,"date":"2020-08-19T08:47:34","date_gmt":"2020-08-19T06:47:34","guid":{"rendered":"https:\/\/www.tennisanlage-starnberg.de\/?page_id=1963"},"modified":"2023-07-27T09:56:19","modified_gmt":"2023-07-27T07:56:19","slug":"tuniere-aktuelles","status":"publish","type":"page","link":"https:\/\/www.tennisanlage-starnberg.de\/?page_id=1963","title":{"rendered":"NEWS"},"content":{"rendered":"\t\t<div data-elementor-type=\"wp-post\" data-elementor-id=\"1963\" class=\"elementor elementor-1963\">\n\t\t\t\t\t\t<section class=\"elementor-section elementor-top-section elementor-element elementor-element-8b88722 elementor-section-boxed elementor-section-height-default elementor-section-height-default\" data-id=\"8b88722\" data-element_type=\"section\" data-e-type=\"section\">\n\t\t\t\t\t\t<div class=\"elementor-container elementor-column-gap-default\">\n\t\t\t\t\t<div class=\"elementor-column elementor-col-100 elementor-top-column elementor-element elementor-element-032cab3\" data-id=\"032cab3\" data-element_type=\"column\" data-e-type=\"column\">\n\t\t\t<div class=\"elementor-widget-wrap elementor-element-populated\">\n\t\t\t\t\t\t<section class=\"elementor-section elementor-inner-section elementor-element elementor-element-3164397 elementor-section-boxed elementor-section-height-default elementor-section-height-default\" data-id=\"3164397\" data-element_type=\"section\" data-e-type=\"section\" id=\"trainer-news\">\n\t\t\t\t\t\t<div class=\"elementor-container elementor-column-gap-default\">\n\t\t\t\t\t<div class=\"elementor-column elementor-col-50 elementor-inner-column elementor-element elementor-element-ce6ae5f\" data-id=\"ce6ae5f\" data-element_type=\"column\" data-e-type=\"column\">\n\t\t\t<div class=\"elementor-widget-wrap\">\n\t\t\t\t\t\t\t<\/div>\n\t\t<\/div>\n\t\t\t\t<div class=\"elementor-column elementor-col-50 elementor-inner-column elementor-element elementor-element-8c48fae\" data-id=\"8c48fae\" data-element_type=\"column\" data-e-type=\"column\">\n\t\t\t<div class=\"elementor-widget-wrap\">\n\t\t\t\t\t\t\t<\/div>\n\t\t<\/div>\n\t\t\t\t\t<\/div>\n\t\t<\/section>\n\t\t\t\t\t<\/div>\n\t\t<\/div>\n\t\t\t\t\t<\/div>\n\t\t<\/section>\n\t\t\t\t<section class=\"elementor-section elementor-top-section elementor-element elementor-element-5d87127 elementor-section-boxed elementor-section-height-default elementor-section-height-default\" data-id=\"5d87127\" data-element_type=\"section\" data-e-type=\"section\">\n\t\t\t\t\t\t<div class=\"elementor-container elementor-column-gap-default\">\n\t\t\t\t\t<div class=\"elementor-column elementor-col-100 elementor-top-column elementor-element elementor-element-350364b\" data-id=\"350364b\" data-element_type=\"column\" data-e-type=\"column\">\n\t\t\t<div class=\"elementor-widget-wrap elementor-element-populated\">\n\t\t\t\t\t\t<section class=\"elementor-section elementor-inner-section elementor-element elementor-element-a0072ed elementor-section-boxed elementor-section-height-default elementor-section-height-default\" data-id=\"a0072ed\" data-element_type=\"section\" data-e-type=\"section\">\n\t\t\t\t\t\t<div class=\"elementor-container elementor-column-gap-default\">\n\t\t\t\t\t<div class=\"elementor-column elementor-col-50 elementor-inner-column elementor-element elementor-element-e1c1219\" data-id=\"e1c1219\" data-element_type=\"column\" data-e-type=\"column\">\n\t\t\t<div class=\"elementor-widget-wrap elementor-element-populated\">\n\t\t\t\t\t\t<div class=\"elementor-element elementor-element-3fd89f6 elementor-widget elementor-widget-text-editor\" data-id=\"3fd89f6\" data-element_type=\"widget\" data-e-type=\"widget\" data-widget_type=\"text-editor.default\">\n\t\t\t\t<div class=\"elementor-widget-container\">\n\t\t\t\t\t\t\t\t\t<h3 style=\"color: #99cc00;\"><a href=\"https:\/\/www.tennisanlage-starnberg.de\/?p=3381\"><span style=\"color: #99cc00;\">Das Angebot wird die Nachfrage befl\u00fcgeln<\/span><\/a><\/h3><h4><strong>Was sollten Tennisvereine beachten, wenn sie ihre Au\u00dfenpl\u00e4tze f\u00fcr Padel umr\u00fcsten m\u00f6chten? Richard von Rheinbaben, Betreiber des Tennis &amp; Padel Center Starnberg, kl\u00e4rt im Interview dar\u00fcber auf.<\/strong><\/h4><h4>\u00a0<\/h4>\t\t\t\t\t\t\t\t<\/div>\n\t\t\t\t<\/div>\n\t\t\t\t\t<\/div>\n\t\t<\/div>\n\t\t\t\t<div class=\"elementor-column elementor-col-50 elementor-inner-column elementor-element elementor-element-8a2928c\" data-id=\"8a2928c\" data-element_type=\"column\" data-e-type=\"column\">\n\t\t\t<div class=\"elementor-widget-wrap elementor-element-populated\">\n\t\t\t\t\t\t<div class=\"elementor-element elementor-element-0c9aea1 elementor-widget elementor-widget-image\" data-id=\"0c9aea1\" data-element_type=\"widget\" data-e-type=\"widget\" data-widget_type=\"image.default\">\n\t\t\t\t<div class=\"elementor-widget-container\">\n\t\t\t\t\t\t\t\t\t\t\t\t\t\t\t\t<a href=\"https:\/\/www.tennisanlage-starnberg.de\/?p=3381\">\n\t\t\t\t\t\t\t<img decoding=\"async\" width=\"300\" height=\"150\" src=\"https:\/\/www.tennisanlage-starnberg.de\/wp-content\/uploads\/2022\/11\/150x300_Padel-Spezial_11_22.jpg\" class=\"attachment-medium size-medium wp-image-3374\" alt=\"\" \/>\t\t\t\t\t\t\t\t<\/a>\n\t\t\t\t\t\t\t\t\t\t\t\t\t\t\t<\/div>\n\t\t\t\t<\/div>\n\t\t\t\t\t<\/div>\n\t\t<\/div>\n\t\t\t\t\t<\/div>\n\t\t<\/section>\n\t\t\t\t\t<\/div>\n\t\t<\/div>\n\t\t\t\t\t<\/div>\n\t\t<\/section>\n\t\t\t\t<section class=\"elementor-section elementor-top-section elementor-element elementor-element-98fa700 elementor-section-boxed elementor-section-height-default elementor-section-height-default\" data-id=\"98fa700\" data-element_type=\"section\" data-e-type=\"section\">\n\t\t\t\t\t\t<div class=\"elementor-container elementor-column-gap-default\">\n\t\t\t\t\t<div class=\"elementor-column elementor-col-100 elementor-top-column elementor-element elementor-element-2a171a8\" data-id=\"2a171a8\" data-element_type=\"column\" data-e-type=\"column\">\n\t\t\t<div class=\"elementor-widget-wrap elementor-element-populated\">\n\t\t\t\t\t\t<section class=\"elementor-section elementor-inner-section elementor-element elementor-element-22e8ab2 elementor-section-boxed elementor-section-height-default elementor-section-height-default\" data-id=\"22e8ab2\" data-element_type=\"section\" data-e-type=\"section\">\n\t\t\t\t\t\t<div class=\"elementor-container elementor-column-gap-default\">\n\t\t\t\t\t<div class=\"elementor-column elementor-col-50 elementor-inner-column elementor-element elementor-element-542c26b\" data-id=\"542c26b\" data-element_type=\"column\" data-e-type=\"column\">\n\t\t\t<div class=\"elementor-widget-wrap elementor-element-populated\">\n\t\t\t\t\t\t<div class=\"elementor-element elementor-element-68d0c23 elementor-widget elementor-widget-text-editor\" data-id=\"68d0c23\" data-element_type=\"widget\" data-e-type=\"widget\" data-widget_type=\"text-editor.default\">\n\t\t\t\t<div class=\"elementor-widget-container\">\n\t\t\t\t\t\t\t\t\t&nbsp;\n<h3 style=\"color: #99cc00;\"><span style=\"color: #99cc00;\"><a style=\"color: #99cc00;\" href=\"https:\/\/www.tennisanlage-starnberg.de\/?p=2510\">Tennis- und Padelcamps<\/a><\/span><\/h3>\n<h4><strong>Wir bieten Tennis- und Padelcamps f\u00fcr Kinder, Jugendliche und Erwachsene an! Alle Interessierten k\u00f6nnen Tennis und Padel einfach einmal ausprobieren und dann entscheiden, wie gut sie das faszinierende Spiel erlernen &#8230;\u00a0<\/strong><\/h4>\t\t\t\t\t\t\t\t<\/div>\n\t\t\t\t<\/div>\n\t\t\t\t\t<\/div>\n\t\t<\/div>\n\t\t\t\t<div class=\"elementor-column elementor-col-50 elementor-inner-column elementor-element elementor-element-8a5dbd6\" data-id=\"8a5dbd6\" data-element_type=\"column\" data-e-type=\"column\">\n\t\t\t<div class=\"elementor-widget-wrap elementor-element-populated\">\n\t\t\t\t\t\t<div class=\"elementor-element elementor-element-2e8e079 elementor-widget elementor-widget-image\" data-id=\"2e8e079\" data-element_type=\"widget\" data-e-type=\"widget\" data-widget_type=\"image.default\">\n\t\t\t\t<div class=\"elementor-widget-container\">\n\t\t\t\t\t\t\t\t\t\t\t\t\t\t\t<img decoding=\"async\" width=\"322\" height=\"67\" src=\"https:\/\/www.tennisanlage-starnberg.de\/wp-content\/uploads\/2023\/02\/cropped-padel_logo_center.png\" class=\"attachment-large size-large wp-image-3663\" alt=\"\" srcset=\"https:\/\/www.tennisanlage-starnberg.de\/wp-content\/uploads\/2023\/02\/cropped-padel_logo_center.png 322w, https:\/\/www.tennisanlage-starnberg.de\/wp-content\/uploads\/2023\/02\/cropped-padel_logo_center-300x62.png 300w\" sizes=\"(max-width: 322px) 100vw, 322px\" \/>\t\t\t\t\t\t\t\t\t\t\t\t\t\t\t<\/div>\n\t\t\t\t<\/div>\n\t\t\t\t\t<\/div>\n\t\t<\/div>\n\t\t\t\t\t<\/div>\n\t\t<\/section>\n\t\t\t\t\t<\/div>\n\t\t<\/div>\n\t\t\t\t\t<\/div>\n\t\t<\/section>\n\t\t\t\t<section class=\"elementor-section elementor-top-section elementor-element elementor-element-14a3744 elementor-section-boxed elementor-section-height-default elementor-section-height-default\" data-id=\"14a3744\" data-element_type=\"section\" data-e-type=\"section\">\n\t\t\t\t\t\t<div class=\"elementor-container elementor-column-gap-default\">\n\t\t\t\t\t<div class=\"elementor-column elementor-col-100 elementor-top-column elementor-element elementor-element-15f4971\" data-id=\"15f4971\" data-element_type=\"column\" data-e-type=\"column\">\n\t\t\t<div class=\"elementor-widget-wrap elementor-element-populated\">\n\t\t\t\t\t\t<section class=\"elementor-section elementor-inner-section elementor-element elementor-element-e05c97c elementor-section-boxed elementor-section-height-default elementor-section-height-default\" data-id=\"e05c97c\" data-element_type=\"section\" data-e-type=\"section\">\n\t\t\t\t\t\t<div class=\"elementor-container elementor-column-gap-default\">\n\t\t\t\t\t<div class=\"elementor-column elementor-col-50 elementor-inner-column elementor-element elementor-element-571e414\" data-id=\"571e414\" data-element_type=\"column\" data-e-type=\"column\">\n\t\t\t<div class=\"elementor-widget-wrap elementor-element-populated\">\n\t\t\t\t\t\t<div class=\"elementor-element elementor-element-e5a9c6a elementor-widget elementor-widget-text-editor\" data-id=\"e5a9c6a\" data-element_type=\"widget\" data-e-type=\"widget\" data-widget_type=\"text-editor.default\">\n\t\t\t\t<div class=\"elementor-widget-container\">\n\t\t\t\t\t\t\t\t\t<h3 style=\"color: #99cc00;\"><span style=\"color: ##99cc00;\"><a style=\"color: #99cc00;\" href=\"https:\/\/www.tennisanlage-starnberg.de\/?p=3194\">Auch Kloppo spielt Padel!<\/a><\/span><\/h3>\n<h4><strong>W\u00e4hrend ich meine Karriere damit verbringe, Fu\u00dfballer auf h\u00f6chstem Niveau zu trainieren, ist Padel zu meiner Lieblingssportart geworden. Es ist wirklich die gleiche Leidenschaft \u2013 nur f\u00fcr ein neues Spiel! Ich freue mich sehr \u00fcber die M\u00f6glichkeit, mit Wilson zusammenzuarbeiten und die Zukunft des Padels mitzugestalten.\u201c J\u00fcrgen Klopp<\/strong><\/h4>\t\t\t\t\t\t\t\t<\/div>\n\t\t\t\t<\/div>\n\t\t\t\t\t<\/div>\n\t\t<\/div>\n\t\t\t\t<div class=\"elementor-column elementor-col-50 elementor-inner-column elementor-element elementor-element-af28f63\" data-id=\"af28f63\" data-element_type=\"column\" data-e-type=\"column\">\n\t\t\t<div class=\"elementor-widget-wrap elementor-element-populated\">\n\t\t\t\t\t\t<div class=\"elementor-element elementor-element-f170957 elementor-widget elementor-widget-image\" data-id=\"f170957\" data-element_type=\"widget\" data-e-type=\"widget\" data-widget_type=\"image.default\">\n\t\t\t\t<div class=\"elementor-widget-container\">\n\t\t\t\t\t\t\t\t\t\t\t\t\t\t\t\t<a href=\"https:\/\/www.tennisanlage-starnberg.de\/?p=3194\">\n\t\t\t\t\t\t\t<img decoding=\"async\" width=\"300\" height=\"150\" src=\"https:\/\/www.tennisanlage-starnberg.de\/wp-content\/uploads\/2022\/03\/Klopp-Padel_300x150px.jpg\" class=\"attachment-large size-large wp-image-3195\" alt=\"\" \/>\t\t\t\t\t\t\t\t<\/a>\n\t\t\t\t\t\t\t\t\t\t\t\t\t\t\t<\/div>\n\t\t\t\t<\/div>\n\t\t\t\t\t<\/div>\n\t\t<\/div>\n\t\t\t\t\t<\/div>\n\t\t<\/section>\n\t\t\t\t\t<\/div>\n\t\t<\/div>\n\t\t\t\t\t<\/div>\n\t\t<\/section>\n\t\t\t\t<section class=\"elementor-section elementor-top-section elementor-element elementor-element-f1f2824 elementor-section-boxed elementor-section-height-default elementor-section-height-default\" data-id=\"f1f2824\" data-element_type=\"section\" data-e-type=\"section\">\n\t\t\t\t\t\t<div class=\"elementor-container elementor-column-gap-default\">\n\t\t\t\t\t<div class=\"elementor-column elementor-col-100 elementor-top-column elementor-element elementor-element-1208133\" data-id=\"1208133\" data-element_type=\"column\" data-e-type=\"column\">\n\t\t\t<div class=\"elementor-widget-wrap elementor-element-populated\">\n\t\t\t\t\t\t<section class=\"elementor-section elementor-inner-section elementor-element elementor-element-798b773 elementor-section-boxed elementor-section-height-default elementor-section-height-default\" data-id=\"798b773\" data-element_type=\"section\" data-e-type=\"section\">\n\t\t\t\t\t\t<div class=\"elementor-container elementor-column-gap-default\">\n\t\t\t\t\t<div class=\"elementor-column elementor-col-50 elementor-inner-column elementor-element elementor-element-eb51150\" data-id=\"eb51150\" data-element_type=\"column\" data-e-type=\"column\">\n\t\t\t<div class=\"elementor-widget-wrap elementor-element-populated\">\n\t\t\t\t\t\t<div class=\"elementor-element elementor-element-9646820 elementor-widget elementor-widget-text-editor\" data-id=\"9646820\" data-element_type=\"widget\" data-e-type=\"widget\" data-widget_type=\"text-editor.default\">\n\t\t\t\t<div class=\"elementor-widget-container\">\n\t\t\t\t\t\t\t\t\t<h3 style=\"color: #99cc00;\">Tennis Sommersaison-Abschlussturnier<\/h3><h4><strong>Bei herrlichem Sp\u00e4tsommerwetter fand unser allj\u00e4hrliches Tennis Sommersaison- Abschlussturnier statt.<\/strong><\/h4><p>Spannende und hochklassige matches sorgten bei Teilnehmern und Zuschauern f\u00fcr reichlich Appetit \u2026.. Gut das wir unseren Wirt Franco in La Sportiva haben!<\/p><p>In der Bildmitte unser Sieger Lukas Raidl, der in einem packenden Endspiel seinen Bruder Maximilian ( Bild links ) nach mehreren Matchb\u00e4llen mit 7:6 ( Tiebreak 10:8 ) bezwingen konnte.<\/p><p>Den 3. Platz erk\u00e4mpfte und erspielte sich Hooni Jeong ebenfalls mit 7:6 ( Tiebreak 7:5 ) gegen die Vorjahressiegerin Anna Chubanova.<\/p><p>Wir freuen uns schon auf unser Vorweihnachtsturnier am 28. November 2021.<\/p>\t\t\t\t\t\t\t\t<\/div>\n\t\t\t\t<\/div>\n\t\t\t\t\t<\/div>\n\t\t<\/div>\n\t\t\t\t<div class=\"elementor-column elementor-col-50 elementor-inner-column elementor-element elementor-element-8f5c3de\" data-id=\"8f5c3de\" data-element_type=\"column\" data-e-type=\"column\">\n\t\t\t<div class=\"elementor-widget-wrap elementor-element-populated\">\n\t\t\t\t\t\t<div class=\"elementor-element elementor-element-9621591 elementor-widget elementor-widget-image\" data-id=\"9621591\" data-element_type=\"widget\" data-e-type=\"widget\" data-widget_type=\"image.default\">\n\t\t\t\t<div class=\"elementor-widget-container\">\n\t\t\t\t\t\t\t\t\t\t\t\t\t\t\t<img loading=\"lazy\" decoding=\"async\" width=\"768\" height=\"1024\" src=\"https:\/\/www.tennisanlage-starnberg.de\/wp-content\/uploads\/2021\/10\/IMG_9020-768x1024.jpg\" class=\"attachment-large size-large wp-image-2707\" alt=\"\" srcset=\"https:\/\/www.tennisanlage-starnberg.de\/wp-content\/uploads\/2021\/10\/IMG_9020-768x1024.jpg 768w, https:\/\/www.tennisanlage-starnberg.de\/wp-content\/uploads\/2021\/10\/IMG_9020-225x300.jpg 225w, https:\/\/www.tennisanlage-starnberg.de\/wp-content\/uploads\/2021\/10\/IMG_9020-1152x1536.jpg 1152w, https:\/\/www.tennisanlage-starnberg.de\/wp-content\/uploads\/2021\/10\/IMG_9020-1536x2048.jpg 1536w, https:\/\/www.tennisanlage-starnberg.de\/wp-content\/uploads\/2021\/10\/IMG_9020-scaled.jpg 1920w\" sizes=\"(max-width: 768px) 100vw, 768px\" \/>\t\t\t\t\t\t\t\t\t\t\t\t\t\t\t<\/div>\n\t\t\t\t<\/div>\n\t\t\t\t\t<\/div>\n\t\t<\/div>\n\t\t\t\t\t<\/div>\n\t\t<\/section>\n\t\t\t\t\t<\/div>\n\t\t<\/div>\n\t\t\t\t\t<\/div>\n\t\t<\/section>\n\t\t\t\t<section class=\"elementor-section elementor-top-section elementor-element elementor-element-d6db45f elementor-section-boxed elementor-section-height-default elementor-section-height-default\" data-id=\"d6db45f\" data-element_type=\"section\" data-e-type=\"section\">\n\t\t\t\t\t\t<div class=\"elementor-container elementor-column-gap-default\">\n\t\t\t\t\t<div class=\"elementor-column elementor-col-100 elementor-top-column elementor-element elementor-element-ce148f3\" data-id=\"ce148f3\" data-element_type=\"column\" data-e-type=\"column\">\n\t\t\t<div class=\"elementor-widget-wrap elementor-element-populated\">\n\t\t\t\t\t\t<section class=\"elementor-section elementor-inner-section elementor-element elementor-element-b87d334 elementor-section-boxed elementor-section-height-default elementor-section-height-default\" data-id=\"b87d334\" data-element_type=\"section\" data-e-type=\"section\">\n\t\t\t\t\t\t<div class=\"elementor-container elementor-column-gap-default\">\n\t\t\t\t\t<div class=\"elementor-column elementor-col-50 elementor-inner-column elementor-element elementor-element-e93e4d3\" data-id=\"e93e4d3\" data-element_type=\"column\" data-e-type=\"column\">\n\t\t\t<div class=\"elementor-widget-wrap elementor-element-populated\">\n\t\t\t\t\t\t<div class=\"elementor-element elementor-element-7522385 elementor-widget elementor-widget-text-editor\" data-id=\"7522385\" data-element_type=\"widget\" data-e-type=\"widget\" data-widget_type=\"text-editor.default\">\n\t\t\t\t<div class=\"elementor-widget-container\">\n\t\t\t\t\t\t\t\t\t<a href=\"?p=2585\"><h3 style=\"color: #99cc00;\">Internationale Padel Competition 2021<\/h3><\/a>\n<h4><b>Am 11. und 12. September 2021 fand ein internationales Padelturnier, dotiert mit einem Preisgeld von 500 Euro, auf der Tennis- und Padelanlage Starnberg statt (GPS Herren 1000)<\/b><\/h4>\t\t\t\t\t\t\t\t<\/div>\n\t\t\t\t<\/div>\n\t\t\t\t\t<\/div>\n\t\t<\/div>\n\t\t\t\t<div class=\"elementor-column elementor-col-50 elementor-inner-column elementor-element elementor-element-5df4f33\" data-id=\"5df4f33\" data-element_type=\"column\" data-e-type=\"column\">\n\t\t\t<div class=\"elementor-widget-wrap elementor-element-populated\">\n\t\t\t\t\t\t<div class=\"elementor-element elementor-element-3a23f42 elementor-widget elementor-widget-video\" data-id=\"3a23f42\" data-element_type=\"widget\" data-e-type=\"widget\" data-settings=\"{&quot;video_type&quot;:&quot;hosted&quot;,&quot;controls&quot;:&quot;yes&quot;}\" data-widget_type=\"video.default\">\n\t\t\t\t<div class=\"elementor-widget-container\">\n\t\t\t\t\t\t\t<div class=\"e-hosted-video elementor-wrapper elementor-open-inline\">\n\t\t\t\t\t<video class=\"elementor-video\" src=\"https:\/\/www.tennisanlage-starnberg.de\/wp-content\/uploads\/2021\/09\/Matchball-Turnier-11-12.9.21.mp4\" controls=\"\" preload=\"metadata\" controlsList=\"nodownload\"><\/video>\n\t\t\t\t<\/div>\n\t\t\t\t\t\t<\/div>\n\t\t\t\t<\/div>\n\t\t\t\t<div class=\"elementor-element elementor-element-fc1eed3 elementor-widget elementor-widget-text-editor\" data-id=\"fc1eed3\" data-element_type=\"widget\" data-e-type=\"widget\" data-widget_type=\"text-editor.default\">\n\t\t\t\t<div class=\"elementor-widget-container\">\n\t\t\t\t\t\t\t\t\t<p>Finale 2021<\/p>\t\t\t\t\t\t\t\t<\/div>\n\t\t\t\t<\/div>\n\t\t\t\t\t<\/div>\n\t\t<\/div>\n\t\t\t\t\t<\/div>\n\t\t<\/section>\n\t\t\t\t\t<\/div>\n\t\t<\/div>\n\t\t\t\t\t<\/div>\n\t\t<\/section>\n\t\t\t\t<section class=\"elementor-section elementor-top-section elementor-element elementor-element-2ae495c elementor-section-boxed elementor-section-height-default elementor-section-height-default\" data-id=\"2ae495c\" data-element_type=\"section\" data-e-type=\"section\">\n\t\t\t\t\t\t<div class=\"elementor-container elementor-column-gap-default\">\n\t\t\t\t\t<div class=\"elementor-column elementor-col-100 elementor-top-column elementor-element elementor-element-9c4171c\" data-id=\"9c4171c\" data-element_type=\"column\" data-e-type=\"column\">\n\t\t\t<div class=\"elementor-widget-wrap elementor-element-populated\">\n\t\t\t\t\t\t<section class=\"elementor-section elementor-inner-section elementor-element elementor-element-0ae16b7 elementor-section-boxed elementor-section-height-default elementor-section-height-default\" data-id=\"0ae16b7\" data-element_type=\"section\" data-e-type=\"section\">\n\t\t\t\t\t\t<div class=\"elementor-container elementor-column-gap-default\">\n\t\t\t\t\t<div class=\"elementor-column elementor-col-50 elementor-inner-column elementor-element elementor-element-aeb45c7\" data-id=\"aeb45c7\" data-element_type=\"column\" data-e-type=\"column\">\n\t\t\t<div class=\"elementor-widget-wrap elementor-element-populated\">\n\t\t\t\t\t\t<div class=\"elementor-element elementor-element-1918357 elementor-widget elementor-widget-text-editor\" data-id=\"1918357\" data-element_type=\"widget\" data-e-type=\"widget\" data-widget_type=\"text-editor.default\">\n\t\t\t\t<div class=\"elementor-widget-container\">\n\t\t\t\t\t\t\t\t\t<p><a href=\"https:\/\/www.tennisanlage-starnberg.de\/wp-content\/uploads\/2021\/05\/PM-5.5.2021.pdf\">Pressemitteilung<\/a> vom 5.5.2021<\/p>\t\t\t\t\t\t\t\t<\/div>\n\t\t\t\t<\/div>\n\t\t\t\t<div class=\"elementor-element elementor-element-26e79f2 elementor-widget elementor-widget-text-editor\" data-id=\"26e79f2\" data-element_type=\"widget\" data-e-type=\"widget\" data-widget_type=\"text-editor.default\">\n\t\t\t\t<div class=\"elementor-widget-container\">\n\t\t\t\t\t\t\t\t\t<h3 style=\"color: #99cc00;\">Starnberg International Padel Open<\/h3>\n<h4><b>Das PADEL TURNIER am 12. und 13. September 2020\n<\/b>war ein voller Erfolg:<\/h4>\n50 begeisterte Padel Spieler aus mehreren Nationen (Argentinien, Brasilien, Italien, Spanien,\u2026) und nat\u00fcrlich auch aus M\u00fcnchen, Starnberg und Geretsried nahmen teil!\n\nDie stolzen Gewinner hei\u00dfen\u00a0<b>Chris Hahn<\/b>\u00a0(Geretsried) und\u00a0<b>Gabriel Dal-Ri<\/b>\u00a0(Brasilien).\n\n<a href=\"http:\/\/www.german-padel-tour.com\/\" target=\"_blank\" rel=\"noopener\" data-saferedirecturl=\"https:\/\/www.google.com\/url?q=http:\/\/www.german-padel-tour.com&amp;source=gmail&amp;ust=1600324524354000&amp;usg=AFQjCNEVXrDVZbfSENcBEb3xT7oYkgtbAw\">www.german-padel-tour.com<\/a>\t\t\t\t\t\t\t\t<\/div>\n\t\t\t\t<\/div>\n\t\t\t\t\t<\/div>\n\t\t<\/div>\n\t\t\t\t<div class=\"elementor-column elementor-col-50 elementor-inner-column elementor-element elementor-element-1297d05\" data-id=\"1297d05\" data-element_type=\"column\" data-e-type=\"column\">\n\t\t\t<div class=\"elementor-widget-wrap elementor-element-populated\">\n\t\t\t\t\t\t<div class=\"elementor-element elementor-element-0cc3b67 elementor-widget elementor-widget-video\" data-id=\"0cc3b67\" data-element_type=\"widget\" data-e-type=\"widget\" data-settings=\"{&quot;video_type&quot;:&quot;hosted&quot;,&quot;controls&quot;:&quot;yes&quot;}\" data-widget_type=\"video.default\">\n\t\t\t\t<div class=\"elementor-widget-container\">\n\t\t\t\t\t\t\t<div class=\"e-hosted-video elementor-wrapper elementor-open-inline\">\n\t\t\t\t\t<video class=\"elementor-video\" src=\"https:\/\/www.tennisanlage-starnberg.de\/wp-content\/uploads\/2020\/09\/german_padel_tour_tennisanlage_starnberg_2020-09-12.mp4\" controls=\"\" preload=\"metadata\" controlsList=\"nodownload\"><\/video>\n\t\t\t\t<\/div>\n\t\t\t\t\t\t<\/div>\n\t\t\t\t<\/div>\n\t\t\t\t<div class=\"elementor-element elementor-element-ceff19a elementor-widget elementor-widget-text-editor\" data-id=\"ceff19a\" data-element_type=\"widget\" data-e-type=\"widget\" data-widget_type=\"text-editor.default\">\n\t\t\t\t<div class=\"elementor-widget-container\">\n\t\t\t\t\t\t\t\t\t<p>Finale 2020<\/p>\t\t\t\t\t\t\t\t<\/div>\n\t\t\t\t<\/div>\n\t\t\t\t\t<\/div>\n\t\t<\/div>\n\t\t\t\t\t<\/div>\n\t\t<\/section>\n\t\t\t\t\t<\/div>\n\t\t<\/div>\n\t\t\t\t\t<\/div>\n\t\t<\/section>\n\t\t\t\t<\/div>\n\t\t","protected":false},"excerpt":{"rendered":"<p>Das Angebot wird die Nachfrage befl\u00fcgeln Was sollten Tennisvereine beachten, wenn sie ihre Au\u00dfenpl\u00e4tze f\u00fcr Padel umr\u00fcsten m\u00f6chten? Richard von Rheinbaben, Betreiber des Tennis &amp; Padel Center Starnberg, kl\u00e4rt im &#8230;<\/p>\n","protected":false},"author":1,"featured_media":0,"parent":0,"menu_order":0,"comment_status":"closed","ping_status":"closed","template":"","meta":{"cybocfi_hide_featured_image":"","footnotes":""},"class_list":["post-1963","page","type-page","status-publish","hentry"],"_links":{"self":[{"href":"https:\/\/www.tennisanlage-starnberg.de\/index.php?rest_route=\/wp\/v2\/pages\/1963","targetHints":{"allow":["GET"]}}],"collection":[{"href":"https:\/\/www.tennisanlage-starnberg.de\/index.php?rest_route=\/wp\/v2\/pages"}],"about":[{"href":"https:\/\/www.tennisanlage-starnberg.de\/index.php?rest_route=\/wp\/v2\/types\/page"}],"author":[{"embeddable":true,"href":"https:\/\/www.tennisanlage-starnberg.de\/index.php?rest_route=\/wp\/v2\/users\/1"}],"replies":[{"embeddable":true,"href":"https:\/\/www.tennisanlage-starnberg.de\/index.php?rest_route=%2Fwp%2Fv2%2Fcomments&post=1963"}],"version-history":[{"count":165,"href":"https:\/\/www.tennisanlage-starnberg.de\/index.php?rest_route=\/wp\/v2\/pages\/1963\/revisions"}],"predecessor-version":[{"id":3883,"href":"https:\/\/www.tennisanlage-starnberg.de\/index.php?rest_route=\/wp\/v2\/pages\/1963\/revisions\/3883"}],"wp:attachment":[{"href":"https:\/\/www.tennisanlage-starnberg.de\/index.php?rest_route=%2Fwp%2Fv2%2Fmedia&parent=1963"}],"curies":[{"name":"wp","href":"https:\/\/api.w.org\/{rel}","templated":true}]}}