{"id":2197,"date":"2020-11-10T15:25:27","date_gmt":"2020-11-10T14:25:27","guid":{"rendered":"https:\/\/www.tennisanlage-starnberg.de\/?page_id=2197"},"modified":"2025-11-17T18:38:28","modified_gmt":"2025-11-17T17:38:28","slug":"tennis","status":"publish","type":"page","link":"https:\/\/www.tennisanlage-starnberg.de\/?page_id=2197","title":{"rendered":"Tennis"},"content":{"rendered":"\t\t<div data-elementor-type=\"wp-post\" data-elementor-id=\"2197\" class=\"elementor elementor-2197\">\n\t\t\t\t\t\t<section class=\"elementor-section elementor-top-section elementor-element elementor-element-5d87127 elementor-section-boxed elementor-section-height-default elementor-section-height-default\" data-id=\"5d87127\" data-element_type=\"section\" data-e-type=\"section\">\n\t\t\t\t\t\t<div class=\"elementor-container elementor-column-gap-default\">\n\t\t\t\t\t<div class=\"elementor-column elementor-col-100 elementor-top-column elementor-element elementor-element-350364b\" data-id=\"350364b\" data-element_type=\"column\" data-e-type=\"column\">\n\t\t\t<div class=\"elementor-widget-wrap elementor-element-populated\">\n\t\t\t\t\t\t<section class=\"elementor-section elementor-inner-section elementor-element elementor-element-a0072ed elementor-section-boxed elementor-section-height-default elementor-section-height-default\" data-id=\"a0072ed\" data-element_type=\"section\" data-e-type=\"section\">\n\t\t\t\t\t\t<div class=\"elementor-container elementor-column-gap-default\">\n\t\t\t\t\t<div class=\"elementor-column elementor-col-100 elementor-inner-column elementor-element elementor-element-2288039\" data-id=\"2288039\" data-element_type=\"column\" data-e-type=\"column\">\n\t\t\t<div class=\"elementor-widget-wrap elementor-element-populated\">\n\t\t\t\t\t\t<div class=\"elementor-element elementor-element-3fd89f6 elementor-widget elementor-widget-text-editor\" data-id=\"3fd89f6\" data-element_type=\"widget\" data-e-type=\"widget\" data-widget_type=\"text-editor.default\">\n\t\t\t\t<div class=\"elementor-widget-container\">\n\t\t\t\t\t\t\t\t\t<h3 style=\"color: #99cc00;\">6 Tennispl\u00e4tze in der Halle<\/h3><h4>4 Sandpl\u00e4tze im Freien<\/h4><p>In der Tennisanlage Starnberg kann dank professioneller LED-Beleuchtung und eurobuch-Wettergarantie <b>das ganze Jahr \u00fcber und rund um die Uhr<\/b> gespielt werden.<br \/>W\u00e4hrend der <b>Sommermonate<\/b> (Mai bis September) k\u00f6nnen Sie auch einen der <strong>4<\/strong><b>\u00a0Freiluft-Sandpl\u00e4tze<\/b>\u00a0buchen und, sollte das Wetter nicht mitspielen, ohne Zuzahlung in die Halle wechseln.<br \/>Denn ganz gleich, ob Sie ein Abonnement genie\u00dfen, die 10er Karte nutzen oder eine Einzelstunde buchen: Zwischen Mai und September l\u00e4sst Sie unsere <b>eurobuch-Wettergarantie<\/b>\u00a0nie in der Hitze, K\u00e4lte, im Wind oder Regen stehen.<\/p><p>Die Nutzung unserer neuen Sanit\u00e4ranlagen ist, wie das Licht, im Mietpreis inkludiert.<\/p><p><b>Hier k\u00f6nnen Sie Ihren Platz buchen: <a href=\"https:\/\/www.tennisanlage-starnberg.de\/?page_id=1476\" target=\"_blank\" rel=\"noopener\">Online-Buchungssystem<\/a><\/b><\/p><p><a href=\"https:\/\/www.tennisanlage-starnberg.de\/?page_id=3313\" target=\"_blank\" rel=\"noopener\">Hier k\u00f6nnen Sie unsere Anlage virtuell besichtigen.<\/a><\/p><p><b>Wenn Sie ein Abonnement abschlie\u00dfen, eine 10er Karte kaufen oder Schl\u00e4ger und B\u00e4lle ausleihen m\u00f6chten, <a href=\"https:\/\/www.tennisanlage-starnberg.de\/?page_id=2336\">schreiben Sie uns<\/a>!<\/b><\/p>\t\t\t\t\t\t\t\t<\/div>\n\t\t\t\t<\/div>\n\t\t\t\t\t<\/div>\n\t\t<\/div>\n\t\t\t\t\t<\/div>\n\t\t<\/section>\n\t\t\t\t\t<\/div>\n\t\t<\/div>\n\t\t\t\t\t<\/div>\n\t\t<\/section>\n\t\t\t\t<section class=\"elementor-section elementor-top-section elementor-element elementor-element-3a70df5 elementor-section-boxed elementor-section-height-default elementor-section-height-default\" data-id=\"3a70df5\" data-element_type=\"section\" data-e-type=\"section\">\n\t\t\t\t\t\t<div class=\"elementor-container elementor-column-gap-default\">\n\t\t\t\t\t<div class=\"elementor-column elementor-col-100 elementor-top-column elementor-element elementor-element-c3a7838\" data-id=\"c3a7838\" data-element_type=\"column\" data-e-type=\"column\">\n\t\t\t<div class=\"elementor-widget-wrap elementor-element-populated\">\n\t\t\t\t\t\t<div class=\"elementor-element elementor-element-cacf832 gallery-spacing-custom elementor-widget elementor-widget-image-gallery\" data-id=\"cacf832\" data-element_type=\"widget\" data-e-type=\"widget\" data-widget_type=\"image-gallery.default\">\n\t\t\t\t<div class=\"elementor-widget-container\">\n\t\t\t\t\t\t\t<div class=\"elementor-image-gallery\">\n\t\t\t<div id='gallery-1' class='gallery galleryid-2197 gallery-columns-4 gallery-size-large'><figure class='gallery-item'>\n\t\t\t<div class='gallery-icon landscape'>\n\t\t\t\t<a data-elementor-open-lightbox=\"yes\" data-elementor-lightbox-slideshow=\"cacf832\" data-elementor-lightbox-title=\"Halle_1-3\" data-e-action-hash=\"#elementor-action%3Aaction%3Dlightbox%26settings%3DeyJpZCI6MjE4MywidXJsIjoiaHR0cHM6XC9cL3d3dy50ZW5uaXNhbmxhZ2Utc3Rhcm5iZXJnLmRlXC93cC1jb250ZW50XC91cGxvYWRzXC8yMDIwXC8xMVwvSGFsbGVfMS0zLmpwZyIsInNsaWRlc2hvdyI6ImNhY2Y4MzIifQ%3D%3D\" href='https:\/\/www.tennisanlage-starnberg.de\/wp-content\/uploads\/2020\/11\/Halle_1-3.jpg'><img fetchpriority=\"high\" decoding=\"async\" width=\"800\" height=\"590\" src=\"https:\/\/www.tennisanlage-starnberg.de\/wp-content\/uploads\/2020\/11\/Halle_1-3-1024x755.jpg\" class=\"attachment-large size-large\" alt=\"\" aria-describedby=\"gallery-1-2183\" srcset=\"https:\/\/www.tennisanlage-starnberg.de\/wp-content\/uploads\/2020\/11\/Halle_1-3-1024x755.jpg 1024w, https:\/\/www.tennisanlage-starnberg.de\/wp-content\/uploads\/2020\/11\/Halle_1-3-300x221.jpg 300w, https:\/\/www.tennisanlage-starnberg.de\/wp-content\/uploads\/2020\/11\/Halle_1-3-768x566.jpg 768w, https:\/\/www.tennisanlage-starnberg.de\/wp-content\/uploads\/2020\/11\/Halle_1-3-1536x1132.jpg 1536w, https:\/\/www.tennisanlage-starnberg.de\/wp-content\/uploads\/2020\/11\/Halle_1-3.jpg 1900w\" sizes=\"(max-width: 800px) 100vw, 800px\" \/><\/a>\n\t\t\t<\/div>\n\t\t\t\t<figcaption class='wp-caption-text gallery-caption' id='gallery-1-2183'>\n\t\t\t\tHallenpl\u00e4tze 1-3\n\t\t\t\t<\/figcaption><\/figure><figure class='gallery-item'>\n\t\t\t<div class='gallery-icon landscape'>\n\t\t\t\t<a data-elementor-open-lightbox=\"yes\" data-elementor-lightbox-slideshow=\"cacf832\" data-elementor-lightbox-title=\"Halle_2-3\" data-e-action-hash=\"#elementor-action%3Aaction%3Dlightbox%26settings%3DeyJpZCI6MjE4NCwidXJsIjoiaHR0cHM6XC9cL3d3dy50ZW5uaXNhbmxhZ2Utc3Rhcm5iZXJnLmRlXC93cC1jb250ZW50XC91cGxvYWRzXC8yMDIwXC8xMVwvSGFsbGVfMi0zLmpwZyIsInNsaWRlc2hvdyI6ImNhY2Y4MzIifQ%3D%3D\" href='https:\/\/www.tennisanlage-starnberg.de\/wp-content\/uploads\/2020\/11\/Halle_2-3.jpg'><img decoding=\"async\" width=\"800\" height=\"590\" src=\"https:\/\/www.tennisanlage-starnberg.de\/wp-content\/uploads\/2020\/11\/Halle_2-3-1024x755.jpg\" class=\"attachment-large size-large\" alt=\"\" aria-describedby=\"gallery-1-2184\" srcset=\"https:\/\/www.tennisanlage-starnberg.de\/wp-content\/uploads\/2020\/11\/Halle_2-3-1024x755.jpg 1024w, https:\/\/www.tennisanlage-starnberg.de\/wp-content\/uploads\/2020\/11\/Halle_2-3-300x221.jpg 300w, https:\/\/www.tennisanlage-starnberg.de\/wp-content\/uploads\/2020\/11\/Halle_2-3-768x566.jpg 768w, https:\/\/www.tennisanlage-starnberg.de\/wp-content\/uploads\/2020\/11\/Halle_2-3-1536x1132.jpg 1536w, https:\/\/www.tennisanlage-starnberg.de\/wp-content\/uploads\/2020\/11\/Halle_2-3.jpg 1900w\" sizes=\"(max-width: 800px) 100vw, 800px\" \/><\/a>\n\t\t\t<\/div>\n\t\t\t\t<figcaption class='wp-caption-text gallery-caption' id='gallery-1-2184'>\n\t\t\t\tHallenpl\u00e4tze 2-3\n\t\t\t\t<\/figcaption><\/figure><figure class='gallery-item'>\n\t\t\t<div class='gallery-icon landscape'>\n\t\t\t\t<a data-elementor-open-lightbox=\"yes\" data-elementor-lightbox-slideshow=\"cacf832\" data-elementor-lightbox-title=\"Halle_4-6\" data-e-action-hash=\"#elementor-action%3Aaction%3Dlightbox%26settings%3DeyJpZCI6MjE4NSwidXJsIjoiaHR0cHM6XC9cL3d3dy50ZW5uaXNhbmxhZ2Utc3Rhcm5iZXJnLmRlXC93cC1jb250ZW50XC91cGxvYWRzXC8yMDIwXC8xMVwvSGFsbGVfNC02LmpwZyIsInNsaWRlc2hvdyI6ImNhY2Y4MzIifQ%3D%3D\" href='https:\/\/www.tennisanlage-starnberg.de\/wp-content\/uploads\/2020\/11\/Halle_4-6.jpg'><img decoding=\"async\" width=\"800\" height=\"590\" src=\"https:\/\/www.tennisanlage-starnberg.de\/wp-content\/uploads\/2020\/11\/Halle_4-6-1024x755.jpg\" class=\"attachment-large size-large\" alt=\"\" aria-describedby=\"gallery-1-2185\" srcset=\"https:\/\/www.tennisanlage-starnberg.de\/wp-content\/uploads\/2020\/11\/Halle_4-6-1024x755.jpg 1024w, https:\/\/www.tennisanlage-starnberg.de\/wp-content\/uploads\/2020\/11\/Halle_4-6-300x221.jpg 300w, https:\/\/www.tennisanlage-starnberg.de\/wp-content\/uploads\/2020\/11\/Halle_4-6-768x566.jpg 768w, https:\/\/www.tennisanlage-starnberg.de\/wp-content\/uploads\/2020\/11\/Halle_4-6-1536x1132.jpg 1536w, https:\/\/www.tennisanlage-starnberg.de\/wp-content\/uploads\/2020\/11\/Halle_4-6.jpg 1900w\" sizes=\"(max-width: 800px) 100vw, 800px\" \/><\/a>\n\t\t\t<\/div>\n\t\t\t\t<figcaption class='wp-caption-text gallery-caption' id='gallery-1-2185'>\n\t\t\t\tHallenpl\u00e4tze 4-6\n\t\t\t\t<\/figcaption><\/figure><figure class='gallery-item'>\n\t\t\t<div class='gallery-icon landscape'>\n\t\t\t\t<a data-elementor-open-lightbox=\"yes\" data-elementor-lightbox-slideshow=\"cacf832\" data-elementor-lightbox-title=\"Garderobe\" data-e-action-hash=\"#elementor-action%3Aaction%3Dlightbox%26settings%3DeyJpZCI6MjE4MiwidXJsIjoiaHR0cHM6XC9cL3d3dy50ZW5uaXNhbmxhZ2Utc3Rhcm5iZXJnLmRlXC93cC1jb250ZW50XC91cGxvYWRzXC8yMDIwXC8xMVwvR2FyZGVyb2JlLmpwZyIsInNsaWRlc2hvdyI6ImNhY2Y4MzIifQ%3D%3D\" href='https:\/\/www.tennisanlage-starnberg.de\/wp-content\/uploads\/2020\/11\/Garderobe.jpg'><img loading=\"lazy\" decoding=\"async\" width=\"800\" height=\"590\" src=\"https:\/\/www.tennisanlage-starnberg.de\/wp-content\/uploads\/2020\/11\/Garderobe-1024x755.jpg\" class=\"attachment-large size-large\" alt=\"\" aria-describedby=\"gallery-1-2182\" srcset=\"https:\/\/www.tennisanlage-starnberg.de\/wp-content\/uploads\/2020\/11\/Garderobe-1024x755.jpg 1024w, https:\/\/www.tennisanlage-starnberg.de\/wp-content\/uploads\/2020\/11\/Garderobe-300x221.jpg 300w, https:\/\/www.tennisanlage-starnberg.de\/wp-content\/uploads\/2020\/11\/Garderobe-768x566.jpg 768w, https:\/\/www.tennisanlage-starnberg.de\/wp-content\/uploads\/2020\/11\/Garderobe-1536x1132.jpg 1536w, https:\/\/www.tennisanlage-starnberg.de\/wp-content\/uploads\/2020\/11\/Garderobe.jpg 1900w\" sizes=\"(max-width: 800px) 100vw, 800px\" \/><\/a>\n\t\t\t<\/div>\n\t\t\t\t<figcaption class='wp-caption-text gallery-caption' id='gallery-1-2182'>\n\t\t\t\tGarderobe\n\t\t\t\t<\/figcaption><\/figure>\n\t\t<\/div>\n\t\t<\/div>\n\t\t\t\t\t\t<\/div>\n\t\t\t\t<\/div>\n\t\t\t\t\t<\/div>\n\t\t<\/div>\n\t\t\t\t\t<\/div>\n\t\t<\/section>\n\t\t\t\t<section class=\"elementor-section elementor-top-section elementor-element elementor-element-7514079 elementor-section-boxed elementor-section-height-default elementor-section-height-default\" data-id=\"7514079\" data-element_type=\"section\" data-e-type=\"section\">\n\t\t\t\t\t\t<div class=\"elementor-container elementor-column-gap-default\">\n\t\t\t\t\t<div class=\"elementor-column elementor-col-100 elementor-top-column elementor-element elementor-element-a957edc\" data-id=\"a957edc\" data-element_type=\"column\" data-e-type=\"column\">\n\t\t\t<div class=\"elementor-widget-wrap elementor-element-populated\">\n\t\t\t\t\t\t<div class=\"elementor-element elementor-element-b4abacd gallery-spacing-custom elementor-widget elementor-widget-image-gallery\" data-id=\"b4abacd\" data-element_type=\"widget\" data-e-type=\"widget\" data-widget_type=\"image-gallery.default\">\n\t\t\t\t<div class=\"elementor-widget-container\">\n\t\t\t\t\t\t\t<div class=\"elementor-image-gallery\">\n\t\t\t<div id='gallery-2' class='gallery galleryid-2197 gallery-columns-4 gallery-size-large'><figure class='gallery-item'>\n\t\t\t<div class='gallery-icon landscape'>\n\t\t\t\t<a data-elementor-open-lightbox=\"yes\" data-elementor-lightbox-slideshow=\"b4abacd\" data-elementor-lightbox-title=\"Sandplatz_1_2\" data-e-action-hash=\"#elementor-action%3Aaction%3Dlightbox%26settings%3DeyJpZCI6MjE5MCwidXJsIjoiaHR0cHM6XC9cL3d3dy50ZW5uaXNhbmxhZ2Utc3Rhcm5iZXJnLmRlXC93cC1jb250ZW50XC91cGxvYWRzXC8yMDIwXC8xMVwvU2FuZHBsYXR6XzFfMi5qcGciLCJzbGlkZXNob3ciOiJiNGFiYWNkIn0%3D\" href='https:\/\/www.tennisanlage-starnberg.de\/wp-content\/uploads\/2020\/11\/Sandplatz_1_2.jpg'><img loading=\"lazy\" decoding=\"async\" width=\"800\" height=\"590\" src=\"https:\/\/www.tennisanlage-starnberg.de\/wp-content\/uploads\/2020\/11\/Sandplatz_1_2-1024x755.jpg\" class=\"attachment-large size-large\" alt=\"\" aria-describedby=\"gallery-2-2190\" srcset=\"https:\/\/www.tennisanlage-starnberg.de\/wp-content\/uploads\/2020\/11\/Sandplatz_1_2-1024x755.jpg 1024w, https:\/\/www.tennisanlage-starnberg.de\/wp-content\/uploads\/2020\/11\/Sandplatz_1_2-300x221.jpg 300w, https:\/\/www.tennisanlage-starnberg.de\/wp-content\/uploads\/2020\/11\/Sandplatz_1_2-768x566.jpg 768w, https:\/\/www.tennisanlage-starnberg.de\/wp-content\/uploads\/2020\/11\/Sandplatz_1_2-1536x1132.jpg 1536w, https:\/\/www.tennisanlage-starnberg.de\/wp-content\/uploads\/2020\/11\/Sandplatz_1_2.jpg 1900w\" sizes=\"(max-width: 800px) 100vw, 800px\" \/><\/a>\n\t\t\t<\/div>\n\t\t\t\t<figcaption class='wp-caption-text gallery-caption' id='gallery-2-2190'>\n\t\t\t\tSandpl\u00e4tze 1-3\n\t\t\t\t<\/figcaption><\/figure><figure class='gallery-item'>\n\t\t\t<div class='gallery-icon landscape'>\n\t\t\t\t<a data-elementor-open-lightbox=\"yes\" data-elementor-lightbox-slideshow=\"b4abacd\" data-elementor-lightbox-title=\"Sandplatz_3 _4\" data-e-action-hash=\"#elementor-action%3Aaction%3Dlightbox%26settings%3DeyJpZCI6MjE5MSwidXJsIjoiaHR0cHM6XC9cL3d3dy50ZW5uaXNhbmxhZ2Utc3Rhcm5iZXJnLmRlXC93cC1jb250ZW50XC91cGxvYWRzXC8yMDIwXC8xMVwvU2FuZHBsYXR6XzMtXzQuanBnIiwic2xpZGVzaG93IjoiYjRhYmFjZCJ9\" href='https:\/\/www.tennisanlage-starnberg.de\/wp-content\/uploads\/2020\/11\/Sandplatz_3-_4.jpg'><img loading=\"lazy\" decoding=\"async\" width=\"800\" height=\"590\" src=\"https:\/\/www.tennisanlage-starnberg.de\/wp-content\/uploads\/2020\/11\/Sandplatz_3-_4-1024x755.jpg\" class=\"attachment-large size-large\" alt=\"\" aria-describedby=\"gallery-2-2191\" srcset=\"https:\/\/www.tennisanlage-starnberg.de\/wp-content\/uploads\/2020\/11\/Sandplatz_3-_4-1024x755.jpg 1024w, https:\/\/www.tennisanlage-starnberg.de\/wp-content\/uploads\/2020\/11\/Sandplatz_3-_4-300x221.jpg 300w, https:\/\/www.tennisanlage-starnberg.de\/wp-content\/uploads\/2020\/11\/Sandplatz_3-_4-768x566.jpg 768w, https:\/\/www.tennisanlage-starnberg.de\/wp-content\/uploads\/2020\/11\/Sandplatz_3-_4-1536x1132.jpg 1536w, https:\/\/www.tennisanlage-starnberg.de\/wp-content\/uploads\/2020\/11\/Sandplatz_3-_4.jpg 1900w\" sizes=\"(max-width: 800px) 100vw, 800px\" \/><\/a>\n\t\t\t<\/div>\n\t\t\t\t<figcaption class='wp-caption-text gallery-caption' id='gallery-2-2191'>\n\t\t\t\tSandpl\u00e4tze 3-4\n\t\t\t\t<\/figcaption><\/figure><figure class='gallery-item'>\n\t\t\t<div class='gallery-icon landscape'>\n\t\t\t\t<a data-elementor-open-lightbox=\"yes\" data-elementor-lightbox-slideshow=\"b4abacd\" data-elementor-lightbox-title=\"Sandplatz_5\" data-e-action-hash=\"#elementor-action%3Aaction%3Dlightbox%26settings%3DeyJpZCI6MjE5MiwidXJsIjoiaHR0cHM6XC9cL3d3dy50ZW5uaXNhbmxhZ2Utc3Rhcm5iZXJnLmRlXC93cC1jb250ZW50XC91cGxvYWRzXC8yMDIwXC8xMVwvU2FuZHBsYXR6XzUuanBnIiwic2xpZGVzaG93IjoiYjRhYmFjZCJ9\" href='https:\/\/www.tennisanlage-starnberg.de\/wp-content\/uploads\/2020\/11\/Sandplatz_5.jpg'><img loading=\"lazy\" decoding=\"async\" width=\"800\" height=\"590\" src=\"https:\/\/www.tennisanlage-starnberg.de\/wp-content\/uploads\/2020\/11\/Sandplatz_5-1024x755.jpg\" class=\"attachment-large size-large\" alt=\"\" aria-describedby=\"gallery-2-2192\" srcset=\"https:\/\/www.tennisanlage-starnberg.de\/wp-content\/uploads\/2020\/11\/Sandplatz_5-1024x755.jpg 1024w, https:\/\/www.tennisanlage-starnberg.de\/wp-content\/uploads\/2020\/11\/Sandplatz_5-300x221.jpg 300w, https:\/\/www.tennisanlage-starnberg.de\/wp-content\/uploads\/2020\/11\/Sandplatz_5-768x566.jpg 768w, https:\/\/www.tennisanlage-starnberg.de\/wp-content\/uploads\/2020\/11\/Sandplatz_5-1536x1132.jpg 1536w, https:\/\/www.tennisanlage-starnberg.de\/wp-content\/uploads\/2020\/11\/Sandplatz_5.jpg 1900w\" sizes=\"(max-width: 800px) 100vw, 800px\" \/><\/a>\n\t\t\t<\/div>\n\t\t\t\t<figcaption class='wp-caption-text gallery-caption' id='gallery-2-2192'>\n\t\t\t\tSandplatz 5\n\t\t\t\t<\/figcaption><\/figure>\n\t\t<\/div>\n\t\t<\/div>\n\t\t\t\t\t\t<\/div>\n\t\t\t\t<\/div>\n\t\t\t\t\t<\/div>\n\t\t<\/div>\n\t\t\t\t\t<\/div>\n\t\t<\/section>\n\t\t\t\t<\/div>\n\t\t","protected":false},"excerpt":{"rendered":"<p>6 Tennispl\u00e4tze in der Halle 4 Sandpl\u00e4tze im Freien In der Tennisanlage Starnberg kann dank professioneller LED-Beleuchtung und eurobuch-Wettergarantie das ganze Jahr \u00fcber und rund um die Uhr gespielt werden.W\u00e4hrend &#8230;<\/p>\n","protected":false},"author":1,"featured_media":0,"parent":0,"menu_order":0,"comment_status":"closed","ping_status":"closed","template":"","meta":{"cybocfi_hide_featured_image":"","footnotes":""},"class_list":["post-2197","page","type-page","status-publish","hentry"],"_links":{"self":[{"href":"https:\/\/www.tennisanlage-starnberg.de\/index.php?rest_route=\/wp\/v2\/pages\/2197","targetHints":{"allow":["GET"]}}],"collection":[{"href":"https:\/\/www.tennisanlage-starnberg.de\/index.php?rest_route=\/wp\/v2\/pages"}],"about":[{"href":"https:\/\/www.tennisanlage-starnberg.de\/index.php?rest_route=\/wp\/v2\/types\/page"}],"author":[{"embeddable":true,"href":"https:\/\/www.tennisanlage-starnberg.de\/index.php?rest_route=\/wp\/v2\/users\/1"}],"replies":[{"embeddable":true,"href":"https:\/\/www.tennisanlage-starnberg.de\/index.php?rest_route=%2Fwp%2Fv2%2Fcomments&post=2197"}],"version-history":[{"count":43,"href":"https:\/\/www.tennisanlage-starnberg.de\/index.php?rest_route=\/wp\/v2\/pages\/2197\/revisions"}],"predecessor-version":[{"id":4458,"href":"https:\/\/www.tennisanlage-starnberg.de\/index.php?rest_route=\/wp\/v2\/pages\/2197\/revisions\/4458"}],"wp:attachment":[{"href":"https:\/\/www.tennisanlage-starnberg.de\/index.php?rest_route=%2Fwp%2Fv2%2Fmedia&parent=2197"}],"curies":[{"name":"wp","href":"https:\/\/api.w.org\/{rel}","templated":true}]}}